{"id":10,"date":"2023-05-12T06:33:25","date_gmt":"2023-05-12T06:33:25","guid":{"rendered":"https:\/\/inzbiomed.put.poznan.pl\/?page_id=10"},"modified":"2023-05-13T05:20:15","modified_gmt":"2023-05-13T05:20:15","slug":"create-your-website-with-blocks","status":"publish","type":"page","link":"https:\/\/inzbiomed.put.poznan.pl\/","title":{"rendered":"Strona g\u0142\u00f3wna"},"content":{"rendered":"\n<h2 class=\"alignwide has-text-align-wide has-gigantic-font-size wp-block-heading\" style=\"line-height:1.1\">Studiuj in\u017cynieri\u0119 biomedyczn\u0105 na Politechnice Pozna\u0144skiej<\/h2>\n\n\n\n<p>Na Wydziale In\u017cynierii Mechanicznej Politechniki Pozna\u0144skiej na kierunku in\u017cynieria biomedyczna oferowane s\u0105:<\/p>\n\n\n\n<ul class=\"wp-block-list\">\n<li>studia stacjonarne I stopnia (7 semestr\u00f3w),<\/li>\n\n\n\n<li>studia stacjonarne II stopnia (3 semestry).<\/li>\n<\/ul>\n\n\n\n<p>Na studiach II stopnia oferowane s\u0105 trzy specjalno\u015bci:<\/p>\n\n\n\n<ul class=\"wp-block-list\">\n<li>Bionika i in\u017cynieria wirtualna,<\/li>\n\n\n\n<li>In\u017cynieria implant\u00f3w i protezowania,<\/li>\n\n\n\n<li>Urz\u0105dzenia medyczne i rehabilitacyjne.<\/li>\n<\/ul>\n\n\n\n<p><\/p>\n\n\n\n<div style=\"height:100px\" aria-hidden=\"true\" class=\"wp-block-spacer\"><\/div>\n\n\n\n<div class=\"wp-block-columns alignwide are-vertically-aligned-center is-style-twentytwentyone-columns-overlap is-layout-flex wp-container-core-columns-is-layout-28f84493 wp-block-columns-is-layout-flex\">\n<div class=\"wp-block-column is-vertically-aligned-center is-layout-flow wp-block-column-is-layout-flow\">\n<div style=\"height:100px\" aria-hidden=\"true\" class=\"wp-block-spacer\"><\/div>\n<\/div>\n\n\n\n<div class=\"wp-block-column is-vertically-aligned-center is-layout-flow wp-block-column-is-layout-flow\">\n<div style=\"height:100px\" aria-hidden=\"true\" class=\"wp-block-spacer\"><\/div>\n<\/div>\n<\/div>\n\n\n\n<div style=\"height:50px\" aria-hidden=\"true\" class=\"wp-block-spacer\"><\/div>\n\n\n\n<div style=\"height:100px\" aria-hidden=\"true\" class=\"wp-block-spacer\"><\/div>\n","protected":false},"excerpt":{"rendered":"<p>Studiuj in\u017cynieri\u0119 biomedyczn\u0105 na Politechnice Pozna\u0144skiej Na Wydziale In\u017cynierii Mechanicznej Politechniki Pozna\u0144skiej na kierunku in\u017cynieria biomedyczna oferowane s\u0105: Na studiach II stopnia oferowane s\u0105 trzy specjalno\u015bci:<\/p>\n","protected":false},"author":1,"featured_media":0,"parent":0,"menu_order":0,"comment_status":"closed","ping_status":"closed","template":"","meta":{"footnotes":""},"class_list":["post-10","page","type-page","status-publish","hentry"],"_links":{"self":[{"href":"https:\/\/inzbiomed.put.poznan.pl\/index.php\/wp-json\/wp\/v2\/pages\/10","targetHints":{"allow":["GET"]}}],"collection":[{"href":"https:\/\/inzbiomed.put.poznan.pl\/index.php\/wp-json\/wp\/v2\/pages"}],"about":[{"href":"https:\/\/inzbiomed.put.poznan.pl\/index.php\/wp-json\/wp\/v2\/types\/page"}],"author":[{"embeddable":true,"href":"https:\/\/inzbiomed.put.poznan.pl\/index.php\/wp-json\/wp\/v2\/users\/1"}],"replies":[{"embeddable":true,"href":"https:\/\/inzbiomed.put.poznan.pl\/index.php\/wp-json\/wp\/v2\/comments?post=10"}],"version-history":[{"count":7,"href":"https:\/\/inzbiomed.put.poznan.pl\/index.php\/wp-json\/wp\/v2\/pages\/10\/revisions"}],"predecessor-version":[{"id":41,"href":"https:\/\/inzbiomed.put.poznan.pl\/index.php\/wp-json\/wp\/v2\/pages\/10\/revisions\/41"}],"wp:attachment":[{"href":"https:\/\/inzbiomed.put.poznan.pl\/index.php\/wp-json\/wp\/v2\/media?parent=10"}],"curies":[{"name":"wp","href":"https:\/\/api.w.org\/{rel}","templated":true}]}}